{"id":80,"date":"2021-05-21T15:59:38","date_gmt":"2021-05-21T13:59:38","guid":{"rendered":"https:\/\/alexander-mergentheim.de\/?page_id=80"},"modified":"2021-05-21T16:04:15","modified_gmt":"2021-05-21T14:04:15","slug":"infos","status":"publish","type":"page","link":"https:\/\/alexander-mergentheim.de\/?page_id=80","title":{"rendered":"Infos"},"content":{"rendered":"<p>[et_pb_section fb_built=&#8220;1&#8243; fullwidth=&#8220;on&#8220; disabled_on=&#8220;off|off|off&#8220; admin_label=&#8220;Hero&#8220; _builder_version=&#8220;3.22&#8243; background_color=&#8220;#1f1f1f&#8220; parallax=&#8220;on&#8220; custom_padding=&#8220;|||&#8220; transparent_background=&#8220;on&#8220;][et_pb_fullwidth_header title=&#8220;News &#038; Events&#8220; text_orientation=&#8220;center&#8220; background_overlay_color=&#8220;rgba(31,31,31,0.85)&#8220; subhead_font_color=&#8220;#bebebe&#8220; _builder_version=&#8220;3.16&#8243; title_font=&#8220;Playfair Display||||&#8220; title_text_color=&#8220;#ffffff&#8220; title_font_size=&#8220;72px&#8220; title_line_height=&#8220;1.3em&#8220; content_font=&#8220;Montserrat||||&#8220; content_text_color=&#8220;#bfbfbf&#8220; content_font_size=&#8220;19px&#8220; content_line_height=&#8220;1.8em&#8220; subhead_font=&#8220;Montserrat||||&#8220; subhead_text_color=&#8220;#bebebe&#8220; subhead_line_height=&#8220;1.8em&#8220; background_color=&#8220;rgba(255, 255, 255, 0)&#8220; background_image=&#8220;https:\/\/alexander-mergentheim.de\/wp-content\/uploads\/2021\/05\/restaurant-hero-02.jpg&#8220; parallax=&#8220;on&#8220; parallax_method=&#8220;on&#8220; custom_padding=&#8220;5%||5%|&#8220; animation_style=&#8220;zoom&#8220; animation_duration=&#8220;1500ms&#8220; animation_intensity_zoom=&#8220;4%&#8220; title_line_height_last_edited=&#8220;off|desktop&#8220; button_one_text_size__hover_enabled=&#8220;off&#8220; button_two_text_size__hover_enabled=&#8220;off&#8220; button_one_text_color__hover_enabled=&#8220;off&#8220; button_two_text_color__hover_enabled=&#8220;off&#8220; button_one_border_width__hover_enabled=&#8220;off&#8220; button_two_border_width__hover_enabled=&#8220;off&#8220; button_one_border_color__hover_enabled=&#8220;off&#8220; button_two_border_color__hover_enabled=&#8220;off&#8220; button_one_border_radius__hover_enabled=&#8220;off&#8220; button_two_border_radius__hover_enabled=&#8220;off&#8220; button_one_letter_spacing__hover_enabled=&#8220;off&#8220; button_two_letter_spacing__hover_enabled=&#8220;off&#8220; button_one_bg_color__hover_enabled=&#8220;off&#8220; button_two_bg_color__hover_enabled=&#8220;off&#8220;]<\/p>\n<p>\u00a0<\/p>\n<p>Sed ut perspiciatis unde omnis iste natus error sit voluptatem accusantium doloremque laudantium, totam rem aperiam,\u00a0eaque ipsa quae ab illo inventore veritatis et quasi architectoeaque ipsa quae ab illo inventore.<\/p>\n<p>\u00a0<\/p>\n<p>[\/et_pb_fullwidth_header][\/et_pb_section][et_pb_section fb_built=&#8220;1&#8243; admin_label=&#8220;Blog&#8220; _builder_version=&#8220;3.22&#8243; background_color=&#8220;rgba(0,0,0,0.03)&#8220; background_size=&#8220;initial&#8220; background_position=&#8220;top_left&#8220; custom_padding=&#8220;100px|0px|100px|0px&#8220; collapsed=&#8220;off&#8220;][et_pb_row _builder_version=&#8220;4.9.4&#8243; _module_preset=&#8220;default&#8220;][et_pb_column _builder_version=&#8220;4.9.4&#8243; _module_preset=&#8220;default&#8220; type=&#8220;4_4&#8243;][et_pb_text _builder_version=&#8220;4.9.4&#8243; _module_preset=&#8220;default&#8220; hover_enabled=&#8220;0&#8243; sticky_enabled=&#8220;0&#8243;]<\/p>\n<h3>Infos<\/h3>\n<p>[\/et_pb_text][\/et_pb_column][\/et_pb_row][et_pb_row _builder_version=&#8220;4.9.4&#8243; _module_preset=&#8220;default&#8220;][et_pb_column _builder_version=&#8220;4.9.4&#8243; _module_preset=&#8220;default&#8220; type=&#8220;4_4&#8243;][et_pb_text _builder_version=&#8220;4.9.4&#8243; _module_preset=&#8220;default&#8220; hover_enabled=&#8220;0&#8243; sticky_enabled=&#8220;0&#8243;]<strong>Lage:<\/strong><br \/>\nDas Hotel &amp; Restaurant Alexander liegt unmittelbar am Stadtzentrum von Bad Mergentheim, wenige Gehminuten vom Kurpark, Schloss, Post, Bahnhof, Einkaufsm\u00e4rkten und Innenstadt. Sie ben\u00f6tigen kein Fahrzeug und k\u00f6nnen s\u00e4mtliche Ziele bequem ohne Steigungen erreichen. Parkm\u00f6glichkeiten und Abstellpl\u00e4tze f\u00fcr Fahrr\u00e4der sind reichlich vorhanden. Nutzen sie auch unsere Anfahrts-Beschreibung mit Lageplan.<\/p>\n<p><strong>F\u00fchrung:<\/strong><br \/>\nIn unserem Hotel &amp; Restaurant Alexander erhalten Sie die Qualit\u00e4t und den Service, den Sie von einem familiengef\u00fchrten Unternehmen erwarten. Die wechselnden Anspr\u00fcche unserer Kunden sorgen daf\u00fcr, dass sich unser Haus st\u00e4ndig weiterentwickelt. Sie k\u00f6nnen sicher sein, dass Sie mit dem Hotel und Restaurant Alexander zufrieden sind und Anregungen sind uns immer willkommen.<\/p>\n<p><strong>Der Gast:<\/strong><br \/>\nEs geh\u00f6rt zu unseren Aufgaben, Sie und Ihre G\u00e4ste zufrieden zu stellen. Wir arbeiten eng in unserer Mannschaft zusammen, um sicher zu stellen, dass die Speisen und Getr\u00e4nke und unsere \u00dcbernachtungsleistungen die wir Ihnen anbieten, Ihren Bed\u00fcrfnissen und Anforderungen gerecht werden. Ihre Zufriedenheit ist auch unser Erfolg. Wir sind stolz darauf, f\u00fcr Sie zu arbeiten und bem\u00fchen uns sehr, Sie auch weiterhin von uns zu \u00fcberzeugen.<\/p>\n<p><strong>Kommentare:<\/strong><br \/>\nNutzen Sie auch die M\u00f6glichkeit \u00fcber Facebook ihre Meinung \u00fcber unser Haus anderen zug\u00e4nglich zu machen. Wir stellen uns gerne diesen Beurteilungen.<\/p>\n<p><strong>Familie<\/strong><br \/>\n<strong>Filippos Papadopoulos<\/strong><br \/>\n<strong>und Mitarbeiter\/-innen<\/strong>[\/et_pb_text][\/et_pb_column][\/et_pb_row][et_pb_row _builder_version=&#8220;4.9.4&#8243; _module_preset=&#8220;default&#8220;][et_pb_column _builder_version=&#8220;4.9.4&#8243; _module_preset=&#8220;default&#8220; type=&#8220;4_4&#8243;][et_pb_text _builder_version=&#8220;4.9.4&#8243; _module_preset=&#8220;default&#8220; hover_enabled=&#8220;0&#8243; sticky_enabled=&#8220;0&#8243;]<\/p>\n<h3>Verweise<\/h3>\n<p>[\/et_pb_text][\/et_pb_column][\/et_pb_row][et_pb_row _builder_version=&#8220;4.9.4&#8243; _module_preset=&#8220;default&#8220;][et_pb_column _builder_version=&#8220;4.9.4&#8243; _module_preset=&#8220;default&#8220; type=&#8220;4_4&#8243;][et_pb_accordion _builder_version=&#8220;4.9.4&#8243; _module_preset=&#8220;default&#8220; hover_enabled=&#8220;0&#8243; sticky_enabled=&#8220;0&#8243;][et_pb_accordion_item title=&#8220;Bad Mergentheim&#8220; _builder_version=&#8220;4.9.4&#8243; _module_preset=&#8220;default&#8220; open=&#8220;on&#8220; hover_enabled=&#8220;0&#8243; sticky_enabled=&#8220;0&#8243; link_option_url=&#8220;http:\/\/www.bad-mergentheim.de\/&#8220; link_option_url_new_window=&#8220;on&#8220;]<\/p>\n<p>Offizielle Seite der Gro\u00dfen Kreisstadt Bad Mergentheim<\/p>\n<p>[\/et_pb_accordion_item][et_pb_accordion_item title=&#8220;Liebliches Taubertal&#8220; _builder_version=&#8220;4.9.4&#8243; _module_preset=&#8220;default&#8220; open=&#8220;off&#8220; hover_enabled=&#8220;0&#8243; sticky_enabled=&#8220;0&#8243; link_option_url=&#8220;http:\/\/www.liebliches-taubertal.de\/&#8220; link_option_url_new_window=&#8220;on&#8220;]<\/p>\n<p>Seite der Touristikgemeinschaft \u201cLiebliches Taubertal\u201d e.V.<\/p>\n<p>[\/et_pb_accordion_item][et_pb_accordion_item title=&#8220;Kurverwaltung Bad Mergentheim&#8220; _builder_version=&#8220;4.9.4&#8243; _module_preset=&#8220;default&#8220; hover_enabled=&#8220;0&#8243; sticky_enabled=&#8220;0&#8243; link_option_url=&#8220;http:\/\/www.kur-badmergentheim.de\/&#8220; link_option_url_new_window=&#8220;on&#8220; open=&#8220;off&#8220;]<\/p>\n<p>Offizielle Seite der Kurverwaltung Bad Mergentheim.<\/p>\n<p>[\/et_pb_accordion_item][et_pb_accordion_item title=&#8220;Alexander der Gro\u00dfe&#8220; _builder_version=&#8220;4.9.4&#8243; _module_preset=&#8220;default&#8220; hover_enabled=&#8220;0&#8243; sticky_enabled=&#8220;0&#8243; link_option_url=&#8220;http:\/\/de.wikipedia.org\/wiki\/Alexander_der_Grosse&#8220; link_option_url_new_window=&#8220;on&#8220; open=&#8220;off&#8220;]<\/p>\n<p>Information zu unserem Namenspatron in Wikipedia.<\/p>\n<p>[\/et_pb_accordion_item][et_pb_accordion_item title=&#8220;Gastronomie in Franken&#8220; _builder_version=&#8220;4.9.4&#8243; _module_preset=&#8220;default&#8220; hover_enabled=&#8220;0&#8243; sticky_enabled=&#8220;0&#8243; link_option_url=&#8220;http:\/\/www.gastronomiepreis.de\/franken\/&#8220; link_option_url_new_window=&#8220;on&#8220; open=&#8220;off&#8220;]<\/p>\n<p>Auszeichungen f\u00fcr Franken.<\/p>\n<p>[\/et_pb_accordion_item][\/et_pb_accordion][\/et_pb_column][\/et_pb_row][\/et_pb_section][et_pb_section fb_built=&#8220;1&#8243; admin_label=&#8220;Contact Us&#8220; _builder_version=&#8220;3.22&#8243; background_color=&#8220;rgba(0,0,0,0.75)&#8220; background_image=&#8220;https:\/\/alexander-mergentheim.de\/wp-content\/uploads\/2021\/05\/restaurant-hero-03.jpg&#8220; background_blend=&#8220;color&#8220; custom_padding=&#8220;100px|0px|100px|0px&#8220; locked=&#8220;off&#8220; collapsed=&#8220;off&#8220;][et_pb_row column_structure=&#8220;1_2,1_2&#8243; make_equal=&#8220;on&#8220; _builder_version=&#8220;3.25&#8243; background_size=&#8220;initial&#8220; background_position=&#8220;top_left&#8220; background_repeat=&#8220;repeat&#8220; max_width=&#8220;1280px&#8220; custom_margin=&#8220;|||&#8220; custom_padding=&#8220;|||&#8220; use_custom_width=&#8220;on&#8220; custom_width_px=&#8220;1280px&#8220;][et_pb_column type=&#8220;1_2&#8243; _builder_version=&#8220;3.25&#8243; background_color=&#8220;#1f1f1f&#8220; custom_padding=&#8220;100px|5%|100px|5%&#8220; custom_padding__hover=&#8220;|||&#8220;][et_pb_text _builder_version=&#8220;4.9.4&#8243; text_font=&#8220;Playfair Display||||&#8220; text_font_size=&#8220;30px&#8220; text_line_height=&#8220;1.3em&#8220; header_font=&#8220;||||||||&#8220; header_3_font=&#8220;Playfair Display||||||||&#8220; header_3_font_size=&#8220;30px&#8220; header_3_line_height=&#8220;1.3em&#8220; background_size=&#8220;initial&#8220; background_position=&#8220;top_left&#8220; background_repeat=&#8220;repeat&#8220; text_orientation=&#8220;center&#8220; background_layout=&#8220;dark&#8220; max_width=&#8220;400px&#8220; module_alignment=&#8220;center&#8220; custom_padding=&#8220;||30px|&#8220;]<\/p>\n<h3>\u00d6FFNUNGSZEITEN<\/h3>\n<p>[\/et_pb_text][et_pb_text _builder_version=&#8220;4.9.4&#8243; text_font=&#8220;Montserrat||||&#8220; text_text_color=&#8220;#ffffff&#8220; text_font_size=&#8220;15px&#8220; text_letter_spacing=&#8220;1px&#8220; text_line_height=&#8220;1.9em&#8220; background_size=&#8220;initial&#8220; background_position=&#8220;top_left&#8220; background_repeat=&#8220;repeat&#8220; text_orientation=&#8220;center&#8220; module_alignment=&#8220;center&#8220; custom_margin=&#8220;12px||12px|&#8220; animation_style=&#8220;zoom&#8220; animation_intensity_zoom=&#8220;20%&#8220;]<\/p>\n<p><strong>Montag bis Sonntag<br \/><\/strong><span style=\"font-size: 15px;\">von 11.30 &#8211; 14.30 Uhr<\/p>\n<p>und 17.30 &#8211; 24.00 Uhr<\/p>\n<p><\/span><\/p>\n<p>[\/et_pb_text][et_pb_divider show_divider=&#8220;off&#8220; disabled_on=&#8220;on|on|off%22%22%22%22&#8243; _builder_version=&#8220;3.2&#8243; max_width=&#8220;400px&#8220; module_alignment=&#8220;center&#8220; height=&#8220;2px&#8220; custom_margin=&#8220;||0px|&#8220; custom_padding=&#8220;|||&#8220; animation_style=&#8220;zoom&#8220; animation_intensity_zoom=&#8220;20%&#8220;][\/et_pb_divider][et_pb_text _builder_version=&#8220;4.9.4&#8243; text_font=&#8220;Montserrat||||&#8220; text_text_color=&#8220;#ffffff&#8220; text_font_size=&#8220;15px&#8220; text_letter_spacing=&#8220;1px&#8220; text_line_height=&#8220;1.9em&#8220; background_size=&#8220;initial&#8220; background_position=&#8220;top_left&#8220; background_repeat=&#8220;repeat&#8220; text_orientation=&#8220;center&#8220; module_alignment=&#8220;center&#8220; custom_margin=&#8220;12px||12px|&#8220; animation_style=&#8220;zoom&#8220; animation_intensity_zoom=&#8220;20%&#8220; locked=&#8220;off&#8220;]<\/p>\n<p><\/strong><span style=\"font-size: 15px;\">Warme K\u00fcche bis 23.45 Uhr!<\/span><\/p>\n<p>[\/et_pb_text][et_pb_divider show_divider=&#8220;off&#8220; disabled_on=&#8220;on|on|off%22%22%22%22&#8243; _builder_version=&#8220;3.2&#8243; max_width=&#8220;400px&#8220; module_alignment=&#8220;center&#8220; height=&#8220;2px&#8220; custom_margin=&#8220;||0px|&#8220; custom_padding=&#8220;|||&#8220; animation_style=&#8220;zoom&#8220; animation_intensity_zoom=&#8220;20%&#8220; locked=&#8220;off&#8220;][\/et_pb_divider][et_pb_text _builder_version=&#8220;4.9.4&#8243; text_font=&#8220;Montserrat||||&#8220; text_text_color=&#8220;#ffffff&#8220; text_font_size=&#8220;15px&#8220; text_letter_spacing=&#8220;1px&#8220; text_line_height=&#8220;1.9em&#8220; background_size=&#8220;initial&#8220; background_position=&#8220;top_left&#8220; background_repeat=&#8220;repeat&#8220; text_orientation=&#8220;center&#8220; module_alignment=&#8220;center&#8220; custom_margin=&#8220;12px||12px|&#8220; animation_style=&#8220;zoom&#8220; animation_intensity_zoom=&#8220;20%&#8220; locked=&#8220;off&#8220;][\/et_pb_text][et_pb_button button_text=&#8220;Make a Reservation&#8220; button_alignment=&#8220;center&#8220; _builder_version=&#8220;3.16&#8243; custom_button=&#8220;on&#8220; button_text_size=&#8220;15px&#8220; button_text_color=&#8220;#ffffff&#8220; button_bg_color=&#8220;#c39d63&#8243; button_border_width=&#8220;2px&#8220; button_border_color=&#8220;#c39d63&#8243; button_border_radius=&#8220;0px&#8220; button_letter_spacing=&#8220;2px&#8220; button_font=&#8220;Montserrat|||on|&#8220; button_use_icon=&#8220;off&#8220; custom_margin=&#8220;30px|||&#8220; button_border_radius_hover=&#8220;0px&#8220; button_letter_spacing_hover=&#8220;2px&#8220; button_text_size__hover_enabled=&#8220;off&#8220; button_one_text_size__hover_enabled=&#8220;off&#8220; button_two_text_size__hover_enabled=&#8220;off&#8220; button_text_color__hover_enabled=&#8220;off&#8220; button_one_text_color__hover_enabled=&#8220;off&#8220; button_two_text_color__hover_enabled=&#8220;off&#8220; button_border_width__hover_enabled=&#8220;off&#8220; button_one_border_width__hover_enabled=&#8220;off&#8220; button_two_border_width__hover_enabled=&#8220;off&#8220; button_border_color__hover_enabled=&#8220;off&#8220; button_one_border_color__hover_enabled=&#8220;off&#8220; button_two_border_color__hover_enabled=&#8220;off&#8220; button_border_radius__hover_enabled=&#8220;on&#8220; button_border_radius__hover=&#8220;0px&#8220; button_one_border_radius__hover_enabled=&#8220;off&#8220; button_two_border_radius__hover_enabled=&#8220;off&#8220; button_letter_spacing__hover_enabled=&#8220;on&#8220; button_letter_spacing__hover=&#8220;2px&#8220; button_one_letter_spacing__hover_enabled=&#8220;off&#8220; button_two_letter_spacing__hover_enabled=&#8220;off&#8220; button_bg_color__hover_enabled=&#8220;off&#8220; button_one_bg_color__hover_enabled=&#8220;off&#8220; button_two_bg_color__hover_enabled=&#8220;off&#8220;][\/et_pb_button][\/et_pb_column][et_pb_column type=&#8220;1_2&#8243; _builder_version=&#8220;3.25&#8243; background_color=&#8220;#1f1f1f&#8220; custom_padding=&#8220;100px|5%|100px|5%&#8220; custom_padding__hover=&#8220;|||&#8220;][et_pb_signup mailchimp_list=&#8220;MailChimp|03dac884f0&#8243; title=&#8220;Kontaktformular&#8220; button_text=&#8220;Senden&#8220; description=&#8220;<\/p>\n<p>Sei nicht sch\u00fcchtern. Lassen Sie uns wissen, wenn Sie Fragen haben!<\/p>\n<p>&#8220; _builder_version=&#8220;4.9.4&#8243; form_field_background_color=&#8220;#111111&#8243; form_field_text_color=&#8220;#ffffff&#8220; form_field_focus_background_color=&#8220;#111111&#8243; form_field_focus_text_color=&#8220;#ffffff&#8220; header_level=&#8220;h3&#8243; header_font=&#8220;Montserrat||||&#8220; header_text_color=&#8220;#ffffff&#8220; header_font_size=&#8220;24px&#8220; header_line_height=&#8220;1.8em&#8220; body_font=&#8220;Montserrat||||&#8220; body_text_color=&#8220;rgba(255,255,255,0.8)&#8220; body_font_size=&#8220;17px&#8220; body_line_height=&#8220;1.8em&#8220; use_background_color=&#8220;off&#8220; custom_button=&#8220;on&#8220; button_text_size=&#8220;15px&#8220; button_text_color=&#8220;#ffffff&#8220; button_bg_color=&#8220;#c39d63&#8243; button_border_width=&#8220;3px&#8220; button_border_color=&#8220;#c39d63&#8243; button_border_radius=&#8220;0px&#8220; button_letter_spacing=&#8220;2px&#8220; button_font=&#8220;Montserrat|||on|&#8220; button_use_icon=&#8220;off&#8220; text_orientation=&#8220;center&#8220; custom_margin=&#8220;|||&#8220; custom_padding=&#8220;|||&#8220; result_message_font_size_tablet=&#8220;51&#8243; result_message_line_height_tablet=&#8220;2&#8243; button_border_radius_hover=&#8220;0px&#8220; button_letter_spacing_hover=&#8220;2px&#8220; focus_background_color=&#8220;#111111&#8243; focus_text_color=&#8220;#ffffff&#8220; button_text_size__hover_enabled=&#8220;off&#8220; button_one_text_size__hover_enabled=&#8220;off&#8220; button_two_text_size__hover_enabled=&#8220;off&#8220; button_text_color__hover_enabled=&#8220;off&#8220; button_one_text_color__hover_enabled=&#8220;off&#8220; button_two_text_color__hover_enabled=&#8220;off&#8220; button_border_width__hover_enabled=&#8220;off&#8220; button_one_border_width__hover_enabled=&#8220;off&#8220; button_two_border_width__hover_enabled=&#8220;off&#8220; button_border_color__hover_enabled=&#8220;off&#8220; button_one_border_color__hover_enabled=&#8220;off&#8220; button_two_border_color__hover_enabled=&#8220;off&#8220; button_border_radius__hover_enabled=&#8220;on&#8220; button_border_radius__hover=&#8220;0px&#8220; button_one_border_radius__hover_enabled=&#8220;off&#8220; button_two_border_radius__hover_enabled=&#8220;off&#8220; button_letter_spacing__hover_enabled=&#8220;on&#8220; button_letter_spacing__hover=&#8220;2px&#8220; button_one_letter_spacing__hover_enabled=&#8220;off&#8220; button_two_letter_spacing__hover_enabled=&#8220;off&#8220; button_bg_color__hover_enabled=&#8220;off&#8220; button_one_bg_color__hover_enabled=&#8220;off&#8220; button_two_bg_color__hover_enabled=&#8220;off&#8220;]<\/p>\n<p>Dialogue is an essential part of any script<\/p>\n<p>[\/et_pb_signup][\/et_pb_column][\/et_pb_row][\/et_pb_section]<\/p>\n","protected":false},"excerpt":{"rendered":"<p>\u00a0 Sed ut perspiciatis unde omnis iste natus error sit voluptatem accusantium doloremque laudantium, totam rem aperiam,\u00a0eaque ipsa quae ab illo inventore veritatis et quasi architectoeaque ipsa quae ab illo inventore. \u00a0 InfosLage: Das Hotel &amp; Restaurant Alexander liegt unmittelbar am Stadtzentrum von Bad Mergentheim, wenige Gehminuten vom Kurpark, Schloss, Post, Bahnhof, Einkaufsm\u00e4rkten und Innenstadt. [&hellip;]<\/p>\n","protected":false},"author":6,"featured_media":0,"parent":0,"menu_order":0,"comment_status":"closed","ping_status":"closed","template":"","meta":{"_et_pb_use_builder":"on","_et_pb_old_content":"","_et_gb_content_width":"","footnotes":""},"class_list":["post-80","page","type-page","status-publish","hentry"],"_links":{"self":[{"href":"https:\/\/alexander-mergentheim.de\/index.php?rest_route=\/wp\/v2\/pages\/80","targetHints":{"allow":["GET"]}}],"collection":[{"href":"https:\/\/alexander-mergentheim.de\/index.php?rest_route=\/wp\/v2\/pages"}],"about":[{"href":"https:\/\/alexander-mergentheim.de\/index.php?rest_route=\/wp\/v2\/types\/page"}],"author":[{"embeddable":true,"href":"https:\/\/alexander-mergentheim.de\/index.php?rest_route=\/wp\/v2\/users\/6"}],"replies":[{"embeddable":true,"href":"https:\/\/alexander-mergentheim.de\/index.php?rest_route=%2Fwp%2Fv2%2Fcomments&post=80"}],"version-history":[{"count":4,"href":"https:\/\/alexander-mergentheim.de\/index.php?rest_route=\/wp\/v2\/pages\/80\/revisions"}],"predecessor-version":[{"id":88,"href":"https:\/\/alexander-mergentheim.de\/index.php?rest_route=\/wp\/v2\/pages\/80\/revisions\/88"}],"wp:attachment":[{"href":"https:\/\/alexander-mergentheim.de\/index.php?rest_route=%2Fwp%2Fv2%2Fmedia&parent=80"}],"curies":[{"name":"wp","href":"https:\/\/api.w.org\/{rel}","templated":true}]}}