{"id":92,"date":"2021-05-21T19:46:16","date_gmt":"2021-05-21T17:46:16","guid":{"rendered":"https:\/\/alexander-mergentheim.de\/?page_id=92"},"modified":"2024-02-25T13:03:14","modified_gmt":"2024-02-25T12:03:14","slug":"auszeichungen","status":"publish","type":"page","link":"https:\/\/alexander-mergentheim.de\/?page_id=92","title":{"rendered":"Auszeichnungen"},"content":{"rendered":"<p>[et_pb_section fb_built=&#8220;1&#8243; fullwidth=&#8220;on&#8220; disabled_on=&#8220;off|off|off&#8220; admin_label=&#8220;Hero&#8220; _builder_version=&#8220;3.22&#8243; background_color=&#8220;#1f1f1f&#8220; parallax=&#8220;on&#8220; custom_padding=&#8220;|||&#8220; transparent_background=&#8220;on&#8220;][et_pb_fullwidth_header title=&#8220;AUSZEICHUNGEN&#8220; text_orientation=&#8220;center&#8220; background_overlay_color=&#8220;rgba(31,31,31,0.85)&#8220; subhead_font_color=&#8220;#bebebe&#8220; _builder_version=&#8220;4.9.4&#8243; title_font=&#8220;Playfair Display||||&#8220; title_text_color=&#8220;#ffffff&#8220; title_font_size=&#8220;72px&#8220; title_line_height=&#8220;1.3em&#8220; content_font=&#8220;Montserrat||||&#8220; content_text_color=&#8220;#bfbfbf&#8220; content_font_size=&#8220;19px&#8220; content_line_height=&#8220;1.8em&#8220; subhead_font=&#8220;Montserrat||||&#8220; subhead_text_color=&#8220;#bebebe&#8220; subhead_line_height=&#8220;1.8em&#8220; background_color=&#8220;rgba(255, 255, 255, 0)&#8220; background_image=&#8220;https:\/\/alexander-mergentheim.de\/wp-content\/uploads\/2021\/05\/restaurant-hero-03.jpg&#8220; parallax=&#8220;on&#8220; parallax_method=&#8220;on&#8220; custom_padding=&#8220;5%||5%|&#8220; animation_style=&#8220;zoom&#8220; animation_duration=&#8220;1500ms&#8220; animation_intensity_zoom=&#8220;4%&#8220; hover_enabled=&#8220;0&#8243; title_line_height_last_edited=&#8220;off|desktop&#8220; button_one_text_size__hover_enabled=&#8220;off&#8220; button_two_text_size__hover_enabled=&#8220;off&#8220; button_one_text_color__hover_enabled=&#8220;off&#8220; button_two_text_color__hover_enabled=&#8220;off&#8220; button_one_border_width__hover_enabled=&#8220;off&#8220; button_two_border_width__hover_enabled=&#8220;off&#8220; button_one_border_color__hover_enabled=&#8220;off&#8220; button_two_border_color__hover_enabled=&#8220;off&#8220; button_one_border_radius__hover_enabled=&#8220;off&#8220; button_two_border_radius__hover_enabled=&#8220;off&#8220; button_one_letter_spacing__hover_enabled=&#8220;off&#8220; button_two_letter_spacing__hover_enabled=&#8220;off&#8220; button_one_bg_color__hover_enabled=&#8220;off&#8220; button_two_bg_color__hover_enabled=&#8220;off&#8220; sticky_enabled=&#8220;0&#8243;]<\/p>\n<p>Hotel &amp; Restaurant Alexander sichert sich erneut den 1. Preis!<\/p>\n<p>[\/et_pb_fullwidth_header][\/et_pb_section][et_pb_section fb_built=&#8220;1&#8243; admin_label=&#8220;Our Story&#8220; _builder_version=&#8220;3.22&#8243; background_color=&#8220;#ffffff&#8220; background_position=&#8220;top_left&#8220; custom_padding=&#8220;100px|0px|100px|0px&#8220; collapsed=&#8220;off&#8220;][et_pb_row _builder_version=&#8220;3.25&#8243; background_size=&#8220;initial&#8220; background_position=&#8220;top_left&#8220; background_repeat=&#8220;repeat&#8220; custom_margin=&#8220;|||&#8220; custom_padding=&#8220;|||&#8220; column_structure=&#8220;1_2,1_2&#8243;][et_pb_column type=&#8220;1_2&#8243; _builder_version=&#8220;3.25&#8243; background_position=&#8220;top_left&#8220; custom_padding=&#8220;|||&#8220; custom_padding__hover=&#8220;|||&#8220;][et_pb_image src=&#8220;https:\/\/alexander-mergentheim.de\/wp-content\/uploads\/2021\/05\/454cc25434.jpg&#8220; _builder_version=&#8220;4.9.4&#8243; animation_style=&#8220;slide&#8220; animation_direction=&#8220;right&#8220; animation_intensity_slide=&#8220;10%&#8220; hover_enabled=&#8220;0&#8243; always_center_on_mobile=&#8220;off&#8220; title_text=&#8220;454cc25434&#8243; align=&#8220;center&#8220; sticky_enabled=&#8220;0&#8243;][\/et_pb_image][\/et_pb_column][et_pb_column type=&#8220;1_2&#8243; _builder_version=&#8220;3.25&#8243; background_position=&#8220;top_left&#8220; custom_padding=&#8220;60px|||&#8220; custom_padding__hover=&#8220;|||&#8220;][et_pb_text _builder_version=&#8220;4.9.4&#8243; text_font=&#8220;||||||||&#8220; header_font=&#8220;||||||||&#8220; header_3_font=&#8220;Montserrat|700||on|||||&#8220; header_3_text_color=&#8220;#bfbfbf&#8220; header_3_font_size=&#8220;14px&#8220; header_3_letter_spacing=&#8220;2px&#8220; header_3_line_height=&#8220;1.3em&#8220; background_size=&#8220;initial&#8220; background_position=&#8220;top_left&#8220; background_repeat=&#8220;repeat&#8220; module_alignment=&#8220;center&#8220; custom_margin=&#8220;||12px|&#8220; custom_padding=&#8220;|||&#8220; animation_style=&#8220;slide&#8220; animation_direction=&#8220;bottom&#8220; hover_enabled=&#8220;0&#8243; saved_tabs=&#8220;all&#8220; locked=&#8220;off&#8220; text_letter_spacing__hover=&#8220;0px&#8220; text_letter_spacing__hover_enabled=&#8220;0px&#8220; text_line_height__hover=&#8220;1.7em&#8220; text_line_height__hover_enabled=&#8220;1.7em&#8220; text_orientation__hover=&#8220;left&#8220; text_orientation__hover_enabled=&#8220;left&#8220; text_font_size__hover=&#8220;14px&#8220; text_font_size__hover_enabled=&#8220;14px&#8220; text_text_shadow_style__hover=&#8220;none&#8220; text_text_shadow_style__hover_enabled=&#8220;none&#8220; text_text_shadow_color__hover=&#8220;rgba(0,0,0,0.4)&#8220; text_text_shadow_color__hover_enabled=&#8220;rgba(0,0,0,0.4)&#8220; link_font_size__hover=&#8220;14px&#8220; link_font_size__hover_enabled=&#8220;14px&#8220; link_letter_spacing__hover=&#8220;0px&#8220; link_letter_spacing__hover_enabled=&#8220;0px&#8220; link_line_height__hover=&#8220;1em&#8220; link_line_height__hover_enabled=&#8220;1em&#8220; link_text_shadow_style__hover=&#8220;none&#8220; link_text_shadow_style__hover_enabled=&#8220;none&#8220; link_text_shadow_color__hover=&#8220;rgba(0,0,0,0.4)&#8220; link_text_shadow_color__hover_enabled=&#8220;rgba(0,0,0,0.4)&#8220; ul_font_size__hover=&#8220;14px&#8220; ul_font_size__hover_enabled=&#8220;14px&#8220; ul_letter_spacing__hover=&#8220;0px&#8220; ul_letter_spacing__hover_enabled=&#8220;0px&#8220; ul_line_height__hover=&#8220;1em&#8220; ul_line_height__hover_enabled=&#8220;1em&#8220; ul_text_shadow_style__hover=&#8220;none&#8220; ul_text_shadow_style__hover_enabled=&#8220;none&#8220; ul_text_shadow_color__hover=&#8220;rgba(0,0,0,0.4)&#8220; ul_text_shadow_color__hover_enabled=&#8220;rgba(0,0,0,0.4)&#8220; ol_font_size__hover=&#8220;14px&#8220; ol_font_size__hover_enabled=&#8220;14px&#8220; ol_letter_spacing__hover=&#8220;0px&#8220; ol_letter_spacing__hover_enabled=&#8220;0px&#8220; ol_line_height__hover=&#8220;1em&#8220; ol_line_height__hover_enabled=&#8220;1em&#8220; ol_text_shadow_style__hover=&#8220;none&#8220; ol_text_shadow_style__hover_enabled=&#8220;none&#8220; ol_text_shadow_color__hover=&#8220;rgba(0,0,0,0.4)&#8220; ol_text_shadow_color__hover_enabled=&#8220;rgba(0,0,0,0.4)&#8220; quote_font_size__hover=&#8220;14px&#8220; quote_font_size__hover_enabled=&#8220;14px&#8220; quote_letter_spacing__hover=&#8220;0px&#8220; quote_letter_spacing__hover_enabled=&#8220;0px&#8220; quote_line_height__hover=&#8220;1em&#8220; quote_line_height__hover_enabled=&#8220;1em&#8220; quote_text_shadow_style__hover=&#8220;none&#8220; quote_text_shadow_style__hover_enabled=&#8220;none&#8220; quote_text_shadow_color__hover=&#8220;rgba(0,0,0,0.4)&#8220; quote_text_shadow_color__hover_enabled=&#8220;rgba(0,0,0,0.4)&#8220; background_layout__hover=&#8220;light&#8220; background_layout__hover_enabled=&#8220;light&#8220; sticky_enabled=&#8220;0&#8243;]<\/p>\n<h3>Auszeichnungen<\/h3>\n<p>[\/et_pb_text][et_pb_divider show_divider=&#8220;off&#8220; _builder_version=&#8220;3.2&#8243; max_width=&#8220;60px&#8220; module_alignment=&#8220;left&#8220; custom_margin=&#8220;||10px|&#8220; saved_tabs=&#8220;all&#8220; locked=&#8220;off&#8220;][\/et_pb_divider][et_pb_text disabled_on=&#8220;on|on|off&#8220; _builder_version=&#8220;4.9.4&#8243; text_font=&#8220;||||||||&#8220; header_font=&#8220;||||||||&#8220; header_2_font=&#8220;Playfair Display||||&#8220; header_2_font_size=&#8220;48px&#8220; header_2_line_height=&#8220;1.3em&#8220; background_size=&#8220;initial&#8220; background_position=&#8220;top_left&#8220; background_repeat=&#8220;repeat&#8220; hover_enabled=&#8220;0&#8243; header_font_size__hover=&#8220;30px&#8220; header_font_size__hover_enabled=&#8220;30px&#8220; header_letter_spacing__hover=&#8220;0px&#8220; header_letter_spacing__hover_enabled=&#8220;0px&#8220; header_text_shadow_style__hover=&#8220;none&#8220; header_text_shadow_style__hover_enabled=&#8220;none&#8220; header_text_shadow_color__hover=&#8220;rgba(0,0,0,0.4)&#8220; header_text_shadow_color__hover_enabled=&#8220;rgba(0,0,0,0.4)&#8220; sticky_enabled=&#8220;0&#8243;]<\/p>\n<h2>GASTRONOMIEPREIS FRANKEN<\/h2>\n<p>[\/et_pb_text][et_pb_text _builder_version=&#8220;4.9.4&#8243; text_font=&#8220;Montserrat||||&#8220; text_text_color=&#8220;#939393&#8243; text_font_size=&#8220;17px&#8220; text_line_height=&#8220;1.8em&#8220; header_font=&#8220;||||&#8220; background_size=&#8220;initial&#8220; background_position=&#8220;top_left&#8220; background_repeat=&#8220;repeat&#8220; max_width=&#8220;700px&#8220; animation_style=&#8220;slide&#8220; animation_direction=&#8220;top&#8220; animation_intensity_slide=&#8220;4%&#8220; hover_enabled=&#8220;0&#8243; sticky_enabled=&#8220;0&#8243;]<\/p>\n<p>Der Gastronomiepreis Franken versteht sich als &#8222;Helfer&#8220; der Gastronomie; sei es im Qualit\u00e4tsbereich, aber auch als Hilfe bei Ihren Aktivit\u00e4ten nach au\u00dfen.<\/p>\n<p>Der Gastronomiepreis Franken bringt nicht nur mehr G\u00e4ste und Umsatz, sondern dient auch dem Ansehen der Gastronomie und der Gastgeber.<\/p>\n<p>Die Auszeichnungen werden in 25 Kategorien vergeben. Sie werden von unseren Testern besucht, getestet und bewertet. Ihre G\u00e4ste k\u00f6nnen Sie per Abstimmungskarten w\u00e4hlen, beurteilen und f\u00fcr Sie abstimmen. Nutzen Sie unsere Aktivit\u00e4ten \u00fcbers ganze Jahr, um noch bekannter und beliebter zu werden.<\/p>\n<p><a href=\"http:\/\/www.gastronomiepreis.de\/franken\/\" target=\"_blank\" rel=\"noopener\">zum Gastronomiepreis Franken<\/a><\/p>\n<p>[\/et_pb_text][\/et_pb_column][\/et_pb_row][et_pb_row _builder_version=&#8220;4.9.4&#8243; _module_preset=&#8220;default&#8220;][et_pb_column _builder_version=&#8220;4.9.4&#8243; _module_preset=&#8220;default&#8220; type=&#8220;4_4&#8243;][et_pb_gallery _builder_version=&#8220;4.9.4&#8243; _module_preset=&#8220;default&#8220; gallery_ids=&#8220;104,103,101,102&#8243; show_title_and_caption=&#8220;off&#8220; show_pagination=&#8220;off&#8220; animation_style=&#8220;fade&#8220; hover_enabled=&#8220;0&#8243; sticky_enabled=&#8220;0&#8243;][\/et_pb_gallery][et_pb_text _builder_version=&#8220;4.9.4&#8243; _module_preset=&#8220;default&#8220; hover_enabled=&#8220;0&#8243; sticky_enabled=&#8220;0&#8243;]<\/p>\n<p><strong>Hotel &amp; Restaurant Alexander sichert sich erneut den 1. Preis!<\/strong><\/p>\n<p>Auch im Jahr 2011 bleiben wir ungeschlagen. Wir bedanken uns herzlichst noch mal bei allen G\u00e4sten.<\/p>\n<p>Nur durch Sie konnten wir uns denn 1. Platz erneut sichern.<\/p>\n<p><strong>Wir konnten unseren Platz im Jahr 2010 verteidigen und m\u00f6chten uns bei unseren G\u00e4sten und Mitarbeitern bedanken<\/strong><\/p>\n<p><strong>Ihre Familie Papadopoulos<\/strong><\/p>\n<p>Es ist die besondere Form der Gastfreundschaft, die diese Griechen auszeichnet. Man meint die Griechen in Bad Mergentheim wollen allen zeigen, wir sind besonders freundliche Menschen, die gut kochen k\u00f6nnen, ein landestypisches Ambiente bieten und die G\u00e4ste sind uns besonders willkommen. So macht man gute Werbung f\u00fcr sein Land- uns es kostet im Restaurant Alexander auch viel weniger und nicht nur daf\u00fcr m\u00f6gen wir das Alexander. Ein besonderer Grieche in Franken.<\/p>\n<p><a href=\"http:\/\/www.gastronomiepreis.de\/franken\/sieger2010.htm\">zum Artikel<\/a><\/p>\n<p><strong>Die Sieger 2009<\/strong><\/p>\n<p>Gekauft, umgebaut, neuer\u00f6ffnet und dabei nicht das Wichtigste vergessen: die G\u00e4ste. Griechische Gastronomie gepaart mit deutschen Tugenden- das k\u00f6nnte es ausmachen. Bezahlbare Mittelmeerk\u00fcche im sch\u00f6nen Ambiente und gelebte Gastfreundschaft gefallen den G\u00e4sten in Bad Mergentheim und hat auch uns so gut gefallen dass wir den Platz 1 f\u00fcr die Kategorie Griechenland an das Restaurant Alexander vergeben.<\/p>\n<p><strong>WEITERE PREISE<\/strong><\/p>\n<p>2. Platz \u2013 Newcomer\/Neuer\u00f6ffnung<br \/>\n<a href=\"http:\/\/www.gastronomiepreis.de\/franken\/sieger2009_02.htm\">zum Artikel<\/a><\/p>\n<p>3. Platz \u2013 Hotel 2 Sterne**<br \/>\n<a href=\"http:\/\/www.gastronomiepreis.de\/franken\/sieger2009_03.htm\">zum Artikel<\/a><\/p>\n<p>[\/et_pb_text][\/et_pb_column][\/et_pb_row][\/et_pb_section][et_pb_section fb_built=&#8220;1&#8243; admin_label=&#8220;Contact Us&#8220; _builder_version=&#8220;3.22&#8243; background_color=&#8220;rgba(0,0,0,0.75)&#8220; background_image=&#8220;https:\/\/alexander-mergentheim.de\/wp-content\/uploads\/2021\/05\/restaurant-hero-03.jpg&#8220; background_blend=&#8220;color&#8220; custom_padding=&#8220;100px|0px|100px|0px&#8220; locked=&#8220;off&#8220; collapsed=&#8220;off&#8220;][et_pb_row column_structure=&#8220;1_2,1_2&#8243; make_equal=&#8220;on&#8220; _builder_version=&#8220;3.25&#8243; background_size=&#8220;initial&#8220; background_position=&#8220;top_left&#8220; background_repeat=&#8220;repeat&#8220; max_width=&#8220;1280px&#8220; custom_margin=&#8220;|||&#8220; custom_padding=&#8220;|||&#8220; use_custom_width=&#8220;on&#8220; custom_width_px=&#8220;1280px&#8220;][et_pb_column type=&#8220;1_2&#8243; _builder_version=&#8220;3.25&#8243; background_color=&#8220;#1f1f1f&#8220; custom_padding=&#8220;100px|5%|100px|5%&#8220; custom_padding__hover=&#8220;|||&#8220;][et_pb_text _builder_version=&#8220;4.9.4&#8243; text_font=&#8220;Playfair Display||||&#8220; text_font_size=&#8220;30px&#8220; text_line_height=&#8220;1.3em&#8220; header_font=&#8220;||||||||&#8220; header_3_font=&#8220;Playfair Display||||||||&#8220; header_3_font_size=&#8220;30px&#8220; header_3_line_height=&#8220;1.3em&#8220; background_size=&#8220;initial&#8220; background_position=&#8220;top_left&#8220; background_repeat=&#8220;repeat&#8220; text_orientation=&#8220;center&#8220; background_layout=&#8220;dark&#8220; max_width=&#8220;400px&#8220; module_alignment=&#8220;center&#8220; custom_padding=&#8220;||30px|&#8220;]<\/p>\n<h3>\u00d6FFNUNGSZEITEN<\/h3>\n<p>[\/et_pb_text][et_pb_text _builder_version=&#8220;4.9.4&#8243; text_font=&#8220;Montserrat||||&#8220; text_text_color=&#8220;#ffffff&#8220; text_font_size=&#8220;15px&#8220; text_letter_spacing=&#8220;1px&#8220; text_line_height=&#8220;1.9em&#8220; background_size=&#8220;initial&#8220; background_position=&#8220;top_left&#8220; background_repeat=&#8220;repeat&#8220; text_orientation=&#8220;center&#8220; module_alignment=&#8220;center&#8220; custom_margin=&#8220;12px||12px|&#8220; animation_style=&#8220;zoom&#8220; animation_intensity_zoom=&#8220;20%&#8220;]<\/p>\n<p><strong>Montag bis Sonntag<br \/>\n<\/strong><span style=\"font-size: 15px;\">von 11.30 &#8211; 14.30 Uhr<\/span><\/p>\n<p>und 17.30 &#8211; 24.00 Uhr<\/p>\n<p>[\/et_pb_text][et_pb_divider show_divider=&#8220;off&#8220; disabled_on=&#8220;on|on|off%22%22%22%22&#8243; _builder_version=&#8220;3.2&#8243; max_width=&#8220;400px&#8220; module_alignment=&#8220;center&#8220; height=&#8220;2px&#8220; custom_margin=&#8220;||0px|&#8220; custom_padding=&#8220;|||&#8220; animation_style=&#8220;zoom&#8220; animation_intensity_zoom=&#8220;20%&#8220;][\/et_pb_divider][et_pb_text _builder_version=&#8220;4.9.4&#8243; text_font=&#8220;Montserrat||||&#8220; text_text_color=&#8220;#ffffff&#8220; text_font_size=&#8220;15px&#8220; text_letter_spacing=&#8220;1px&#8220; text_line_height=&#8220;1.9em&#8220; background_size=&#8220;initial&#8220; background_position=&#8220;top_left&#8220; background_repeat=&#8220;repeat&#8220; text_orientation=&#8220;center&#8220; module_alignment=&#8220;center&#8220; custom_margin=&#8220;12px||12px|&#8220; animation_style=&#8220;zoom&#8220; animation_intensity_zoom=&#8220;20%&#8220; locked=&#8220;off&#8220;]<\/p>\n<p><span style=\"font-size: 15px;\">Warme K\u00fcche bis 23.45 Uhr!<\/span><\/p>\n<p>[\/et_pb_text][et_pb_divider show_divider=&#8220;off&#8220; disabled_on=&#8220;on|on|off%22%22%22%22&#8243; _builder_version=&#8220;3.2&#8243; max_width=&#8220;400px&#8220; module_alignment=&#8220;center&#8220; height=&#8220;2px&#8220; custom_margin=&#8220;||0px|&#8220; custom_padding=&#8220;|||&#8220; animation_style=&#8220;zoom&#8220; animation_intensity_zoom=&#8220;20%&#8220; locked=&#8220;off&#8220;][\/et_pb_divider][et_pb_text _builder_version=&#8220;4.9.4&#8243; text_font=&#8220;Montserrat||||&#8220; text_text_color=&#8220;#ffffff&#8220; text_font_size=&#8220;15px&#8220; text_letter_spacing=&#8220;1px&#8220; text_line_height=&#8220;1.9em&#8220; background_size=&#8220;initial&#8220; background_position=&#8220;top_left&#8220; background_repeat=&#8220;repeat&#8220; text_orientation=&#8220;center&#8220; module_alignment=&#8220;center&#8220; custom_margin=&#8220;12px||12px|&#8220; animation_style=&#8220;zoom&#8220; animation_intensity_zoom=&#8220;20%&#8220; locked=&#8220;off&#8220;][\/et_pb_text][et_pb_button button_text=&#8220;Make a Reservation&#8220; button_alignment=&#8220;center&#8220; _builder_version=&#8220;3.16&#8243; custom_button=&#8220;on&#8220; button_text_size=&#8220;15px&#8220; button_text_color=&#8220;#ffffff&#8220; button_bg_color=&#8220;#c39d63&#8243; button_border_width=&#8220;2px&#8220; button_border_color=&#8220;#c39d63&#8243; button_border_radius=&#8220;0px&#8220; button_letter_spacing=&#8220;2px&#8220; button_font=&#8220;Montserrat|||on|&#8220; button_use_icon=&#8220;off&#8220; custom_margin=&#8220;30px|||&#8220; button_border_radius_hover=&#8220;0px&#8220; button_letter_spacing_hover=&#8220;2px&#8220; button_text_size__hover_enabled=&#8220;off&#8220; button_one_text_size__hover_enabled=&#8220;off&#8220; button_two_text_size__hover_enabled=&#8220;off&#8220; button_text_color__hover_enabled=&#8220;off&#8220; button_one_text_color__hover_enabled=&#8220;off&#8220; button_two_text_color__hover_enabled=&#8220;off&#8220; button_border_width__hover_enabled=&#8220;off&#8220; button_one_border_width__hover_enabled=&#8220;off&#8220; button_two_border_width__hover_enabled=&#8220;off&#8220; button_border_color__hover_enabled=&#8220;off&#8220; button_one_border_color__hover_enabled=&#8220;off&#8220; button_two_border_color__hover_enabled=&#8220;off&#8220; button_border_radius__hover_enabled=&#8220;on&#8220; button_border_radius__hover=&#8220;0px&#8220; button_one_border_radius__hover_enabled=&#8220;off&#8220; button_two_border_radius__hover_enabled=&#8220;off&#8220; button_letter_spacing__hover_enabled=&#8220;on&#8220; button_letter_spacing__hover=&#8220;2px&#8220; button_one_letter_spacing__hover_enabled=&#8220;off&#8220; button_two_letter_spacing__hover_enabled=&#8220;off&#8220; button_bg_color__hover_enabled=&#8220;off&#8220; button_one_bg_color__hover_enabled=&#8220;off&#8220; button_two_bg_color__hover_enabled=&#8220;off&#8220;][\/et_pb_button][\/et_pb_column][et_pb_column type=&#8220;1_2&#8243; _builder_version=&#8220;3.25&#8243; background_color=&#8220;#1f1f1f&#8220; custom_padding=&#8220;100px|5%|100px|5%&#8220; custom_padding__hover=&#8220;|||&#8220;][et_pb_signup mailchimp_list=&#8220;MailChimp|03dac884f0&#8243; title=&#8220;Kontaktformular&#8220; button_text=&#8220;Senden&#8220; description=&#8220;<\/p>\n<p>Sei nicht sch\u00fcchtern. Lassen Sie uns wissen, wenn Sie Fragen haben!<\/p>\n<p>&#8220; _builder_version=&#8220;4.9.4&#8243; form_field_background_color=&#8220;#111111&#8243; form_field_text_color=&#8220;#ffffff&#8220; form_field_focus_background_color=&#8220;#111111&#8243; form_field_focus_text_color=&#8220;#ffffff&#8220; header_level=&#8220;h3&#8243; header_font=&#8220;Montserrat||||&#8220; header_text_color=&#8220;#ffffff&#8220; header_font_size=&#8220;24px&#8220; header_line_height=&#8220;1.8em&#8220; body_font=&#8220;Montserrat||||&#8220; body_text_color=&#8220;rgba(255,255,255,0.8)&#8220; body_font_size=&#8220;17px&#8220; body_line_height=&#8220;1.8em&#8220; use_background_color=&#8220;off&#8220; custom_button=&#8220;on&#8220; button_text_size=&#8220;15px&#8220; button_text_color=&#8220;#ffffff&#8220; button_bg_color=&#8220;#c39d63&#8243; button_border_width=&#8220;3px&#8220; button_border_color=&#8220;#c39d63&#8243; button_border_radius=&#8220;0px&#8220; button_letter_spacing=&#8220;2px&#8220; button_font=&#8220;Montserrat|||on|&#8220; button_use_icon=&#8220;off&#8220; text_orientation=&#8220;center&#8220; custom_margin=&#8220;|||&#8220; custom_padding=&#8220;|||&#8220; result_message_font_size_tablet=&#8220;51&#8243; result_message_line_height_tablet=&#8220;2&#8243; button_border_radius_hover=&#8220;0px&#8220; button_letter_spacing_hover=&#8220;2px&#8220; focus_background_color=&#8220;#111111&#8243; focus_text_color=&#8220;#ffffff&#8220; button_text_size__hover_enabled=&#8220;off&#8220; button_one_text_size__hover_enabled=&#8220;off&#8220; button_two_text_size__hover_enabled=&#8220;off&#8220; button_text_color__hover_enabled=&#8220;off&#8220; button_one_text_color__hover_enabled=&#8220;off&#8220; button_two_text_color__hover_enabled=&#8220;off&#8220; button_border_width__hover_enabled=&#8220;off&#8220; button_one_border_width__hover_enabled=&#8220;off&#8220; button_two_border_width__hover_enabled=&#8220;off&#8220; button_border_color__hover_enabled=&#8220;off&#8220; button_one_border_color__hover_enabled=&#8220;off&#8220; button_two_border_color__hover_enabled=&#8220;off&#8220; button_border_radius__hover_enabled=&#8220;on&#8220; button_border_radius__hover=&#8220;0px&#8220; button_one_border_radius__hover_enabled=&#8220;off&#8220; button_two_border_radius__hover_enabled=&#8220;off&#8220; button_letter_spacing__hover_enabled=&#8220;on&#8220; button_letter_spacing__hover=&#8220;2px&#8220; button_one_letter_spacing__hover_enabled=&#8220;off&#8220; button_two_letter_spacing__hover_enabled=&#8220;off&#8220; button_bg_color__hover_enabled=&#8220;off&#8220; button_one_bg_color__hover_enabled=&#8220;off&#8220; button_two_bg_color__hover_enabled=&#8220;off&#8220;]<\/p>\n<p>Dialogue is an essential part of any script<\/p>\n<p>[\/et_pb_signup][\/et_pb_column][\/et_pb_row][\/et_pb_section]<\/p>\n","protected":false},"excerpt":{"rendered":"<p>Hotel &amp; Restaurant Alexander sichert sich erneut den 1. Preis! Auszeichnungen GASTRONOMIEPREIS FRANKEN Der Gastronomiepreis Franken versteht sich als &#8222;Helfer&#8220; der Gastronomie; sei es im Qualit\u00e4tsbereich, aber auch als Hilfe bei Ihren Aktivit\u00e4ten nach au\u00dfen. Der Gastronomiepreis Franken bringt nicht nur mehr G\u00e4ste und Umsatz, sondern dient auch dem Ansehen der Gastronomie und der Gastgeber. [&hellip;]<\/p>\n","protected":false},"author":6,"featured_media":0,"parent":0,"menu_order":0,"comment_status":"closed","ping_status":"closed","template":"","meta":{"_et_pb_use_builder":"on","_et_pb_old_content":"","_et_gb_content_width":"","footnotes":""},"class_list":["post-92","page","type-page","status-publish","hentry"],"_links":{"self":[{"href":"https:\/\/alexander-mergentheim.de\/index.php?rest_route=\/wp\/v2\/pages\/92","targetHints":{"allow":["GET"]}}],"collection":[{"href":"https:\/\/alexander-mergentheim.de\/index.php?rest_route=\/wp\/v2\/pages"}],"about":[{"href":"https:\/\/alexander-mergentheim.de\/index.php?rest_route=\/wp\/v2\/types\/page"}],"author":[{"embeddable":true,"href":"https:\/\/alexander-mergentheim.de\/index.php?rest_route=\/wp\/v2\/users\/6"}],"replies":[{"embeddable":true,"href":"https:\/\/alexander-mergentheim.de\/index.php?rest_route=%2Fwp%2Fv2%2Fcomments&post=92"}],"version-history":[{"count":4,"href":"https:\/\/alexander-mergentheim.de\/index.php?rest_route=\/wp\/v2\/pages\/92\/revisions"}],"predecessor-version":[{"id":259,"href":"https:\/\/alexander-mergentheim.de\/index.php?rest_route=\/wp\/v2\/pages\/92\/revisions\/259"}],"wp:attachment":[{"href":"https:\/\/alexander-mergentheim.de\/index.php?rest_route=%2Fwp%2Fv2%2Fmedia&parent=92"}],"curies":[{"name":"wp","href":"https:\/\/api.w.org\/{rel}","templated":true}]}}